{"id":10675,"date":"2025-02-05T10:00:29","date_gmt":"2025-02-05T09:00:29","guid":{"rendered":"https:\/\/www.sams-industrie.fr\/product\/porte-flasque-reference\/"},"modified":"2025-02-19T12:01:41","modified_gmt":"2025-02-19T11:01:41","slug":"porte-flasque-reference","status":"publish","type":"product","link":"https:\/\/www.sams-industrie.fr\/en\/product\/porte-flasque-reference\/","title":{"rendered":"Flange holder<br> Reference DR2-051"},"content":{"rendered":"","protected":false},"excerpt":{"rendered":"<p>RAPIDEX DR2<br \/> R\u00e9f\u00e9rence constructeur : DR2-051<br \/> R\u00e9f\u00e9rences \u00e9quivalentes : DR2051 \/ MDR2051 \/ RAPDR2051<\/p>","protected":false},"featured_media":0,"comment_status":"open","ping_status":"closed","template":"","meta":[],"_links":{"self":[{"href":"https:\/\/www.sams-industrie.fr\/en\/wp-json\/wp\/v2\/product\/10675"}],"collection":[{"href":"https:\/\/www.sams-industrie.fr\/en\/wp-json\/wp\/v2\/product"}],"about":[{"href":"https:\/\/www.sams-industrie.fr\/en\/wp-json\/wp\/v2\/types\/product"}],"replies":[{"embeddable":true,"href":"https:\/\/www.sams-industrie.fr\/en\/wp-json\/wp\/v2\/comments?post=10675"}],"wp:attachment":[{"href":"https:\/\/www.sams-industrie.fr\/en\/wp-json\/wp\/v2\/media?parent=10675"}],"curies":[{"name":"wp","href":"https:\/\/api.w.org\/{rel}","templated":true}]}}