{"id":10674,"date":"2025-02-05T10:00:28","date_gmt":"2025-02-05T09:00:28","guid":{"rendered":"https:\/\/www.sams-industrie.fr\/product\/axe-reference-5\/"},"modified":"2025-02-19T12:01:40","modified_gmt":"2025-02-19T11:01:40","slug":"axe-reference-5","status":"publish","type":"product","link":"https:\/\/www.sams-industrie.fr\/en\/product\/axe-reference-5\/","title":{"rendered":"Axis<br> Reference DR2-054"},"content":{"rendered":"","protected":false},"excerpt":{"rendered":"<p>RAPIDEX DR2<br \/> R\u00e9f\u00e9rence constructeur : DR2-054<br \/> R\u00e9f\u00e9rences \u00e9quivalentes : DR2054 \/ MDR2054 \/ RAPDR2054<\/p>","protected":false},"featured_media":0,"comment_status":"open","ping_status":"closed","template":"","meta":[],"_links":{"self":[{"href":"https:\/\/www.sams-industrie.fr\/en\/wp-json\/wp\/v2\/product\/10674"}],"collection":[{"href":"https:\/\/www.sams-industrie.fr\/en\/wp-json\/wp\/v2\/product"}],"about":[{"href":"https:\/\/www.sams-industrie.fr\/en\/wp-json\/wp\/v2\/types\/product"}],"replies":[{"embeddable":true,"href":"https:\/\/www.sams-industrie.fr\/en\/wp-json\/wp\/v2\/comments?post=10674"}],"wp:attachment":[{"href":"https:\/\/www.sams-industrie.fr\/en\/wp-json\/wp\/v2\/media?parent=10674"}],"curies":[{"name":"wp","href":"https:\/\/api.w.org\/{rel}","templated":true}]}}