{"id":10672,"date":"2025-02-05T10:00:27","date_gmt":"2025-02-05T09:00:27","guid":{"rendered":"https:\/\/www.sams-industrie.fr\/product\/ressort-pression-de-fil-reference\/"},"modified":"2025-02-19T12:01:39","modified_gmt":"2025-02-19T11:01:39","slug":"ressort-pression-de-fil-reference","status":"publish","type":"product","link":"https:\/\/www.sams-industrie.fr\/en\/product\/ressort-pression-de-fil-reference\/","title":{"rendered":"Wire pressure spring<br> Reference RL020"},"content":{"rendered":"","protected":false},"excerpt":{"rendered":"<p>RAPIDEX DR2<br \/> R\u00e9f\u00e9rence constructeur : RL020<br \/> R\u00e9f\u00e9rences \u00e9quivalentes : RL020 \/ MRL020 \/ RAPRL020<\/p>","protected":false},"featured_media":0,"comment_status":"open","ping_status":"closed","template":"","meta":[],"_links":{"self":[{"href":"https:\/\/www.sams-industrie.fr\/en\/wp-json\/wp\/v2\/product\/10672"}],"collection":[{"href":"https:\/\/www.sams-industrie.fr\/en\/wp-json\/wp\/v2\/product"}],"about":[{"href":"https:\/\/www.sams-industrie.fr\/en\/wp-json\/wp\/v2\/types\/product"}],"replies":[{"embeddable":true,"href":"https:\/\/www.sams-industrie.fr\/en\/wp-json\/wp\/v2\/comments?post=10672"}],"wp:attachment":[{"href":"https:\/\/www.sams-industrie.fr\/en\/wp-json\/wp\/v2\/media?parent=10672"}],"curies":[{"name":"wp","href":"https:\/\/api.w.org\/{rel}","templated":true}]}}