{"id":10671,"date":"2025-02-05T10:00:26","date_gmt":"2025-02-05T09:00:26","guid":{"rendered":"https:\/\/www.sams-industrie.fr\/product\/guide-fil-reference\/"},"modified":"2025-02-19T12:01:38","modified_gmt":"2025-02-19T11:01:38","slug":"guide-fil-reference","status":"publish","type":"product","link":"https:\/\/www.sams-industrie.fr\/en\/product\/guide-fil-reference\/","title":{"rendered":"Wire guide<br> Reference DR1-019"},"content":{"rendered":"","protected":false},"excerpt":{"rendered":"<p>RAPIDEX DR1<br \/> R\u00e9f\u00e9rence constructeur : DR1-019<br \/> R\u00e9f\u00e9rences \u00e9quivalentes : -DR1019 \/ -MDR1019 \/ -RAPDR1019<\/p>","protected":false},"featured_media":0,"comment_status":"open","ping_status":"closed","template":"","meta":[],"_links":{"self":[{"href":"https:\/\/www.sams-industrie.fr\/en\/wp-json\/wp\/v2\/product\/10671"}],"collection":[{"href":"https:\/\/www.sams-industrie.fr\/en\/wp-json\/wp\/v2\/product"}],"about":[{"href":"https:\/\/www.sams-industrie.fr\/en\/wp-json\/wp\/v2\/types\/product"}],"replies":[{"embeddable":true,"href":"https:\/\/www.sams-industrie.fr\/en\/wp-json\/wp\/v2\/comments?post=10671"}],"wp:attachment":[{"href":"https:\/\/www.sams-industrie.fr\/en\/wp-json\/wp\/v2\/media?parent=10671"}],"curies":[{"name":"wp","href":"https:\/\/api.w.org\/{rel}","templated":true}]}}