{"id":10668,"date":"2025-02-05T10:00:25","date_gmt":"2025-02-05T09:00:25","guid":{"rendered":"https:\/\/www.sams-industrie.fr\/product\/axe-de-support-de-lame-reference\/"},"modified":"2025-02-19T12:01:37","modified_gmt":"2025-02-19T11:01:37","slug":"axe-de-support-de-lame-reference","status":"publish","type":"product","link":"https:\/\/www.sams-industrie.fr\/en\/product\/axe-de-support-de-lame-reference\/","title":{"rendered":"Blade support shaft<br> Reference DR2-010"},"content":{"rendered":"","protected":false},"excerpt":{"rendered":"<p>RAPIDEX DR2<br \/> R\u00e9f\u00e9rence constructeur : DR2-010<br \/> R\u00e9f\u00e9rences \u00e9quivalentes : DR2010 \/ MDR2010 \/ RAPDR2010<\/p>","protected":false},"featured_media":0,"comment_status":"open","ping_status":"closed","template":"","meta":[],"_links":{"self":[{"href":"https:\/\/www.sams-industrie.fr\/en\/wp-json\/wp\/v2\/product\/10668"}],"collection":[{"href":"https:\/\/www.sams-industrie.fr\/en\/wp-json\/wp\/v2\/product"}],"about":[{"href":"https:\/\/www.sams-industrie.fr\/en\/wp-json\/wp\/v2\/types\/product"}],"replies":[{"embeddable":true,"href":"https:\/\/www.sams-industrie.fr\/en\/wp-json\/wp\/v2\/comments?post=10668"}],"wp:attachment":[{"href":"https:\/\/www.sams-industrie.fr\/en\/wp-json\/wp\/v2\/media?parent=10668"}],"curies":[{"name":"wp","href":"https:\/\/api.w.org\/{rel}","templated":true}]}}