{"id":10666,"date":"2025-02-05T10:00:24","date_gmt":"2025-02-05T09:00:24","guid":{"rendered":"https:\/\/www.sams-industrie.fr\/product\/support-de-lame-reference\/"},"modified":"2025-02-19T12:01:35","modified_gmt":"2025-02-19T11:01:35","slug":"support-de-lame-reference","status":"publish","type":"product","link":"https:\/\/www.sams-industrie.fr\/en\/product\/support-de-lame-reference\/","title":{"rendered":"Blade holder<br> Reference GD-027-078"},"content":{"rendered":"","protected":false},"excerpt":{"rendered":"<p>RAPIDEX DR2<br \/> R\u00e9f\u00e9rence constructeur : GD-027-078<br \/> R\u00e9f\u00e9rences \u00e9quivalentes : GD027078 \/ MGD027078 \/ RAPGD027078<\/p>","protected":false},"featured_media":0,"comment_status":"open","ping_status":"closed","template":"","meta":[],"_links":{"self":[{"href":"https:\/\/www.sams-industrie.fr\/en\/wp-json\/wp\/v2\/product\/10666"}],"collection":[{"href":"https:\/\/www.sams-industrie.fr\/en\/wp-json\/wp\/v2\/product"}],"about":[{"href":"https:\/\/www.sams-industrie.fr\/en\/wp-json\/wp\/v2\/types\/product"}],"replies":[{"embeddable":true,"href":"https:\/\/www.sams-industrie.fr\/en\/wp-json\/wp\/v2\/comments?post=10666"}],"wp:attachment":[{"href":"https:\/\/www.sams-industrie.fr\/en\/wp-json\/wp\/v2\/media?parent=10666"}],"curies":[{"name":"wp","href":"https:\/\/api.w.org\/{rel}","templated":true}]}}