{"id":10662,"date":"2025-02-05T10:00:21","date_gmt":"2025-02-05T09:00:21","guid":{"rendered":"https:\/\/www.sams-industrie.fr\/product\/contre-lame-interieure-reference\/"},"modified":"2025-02-19T12:01:32","modified_gmt":"2025-02-19T11:01:32","slug":"contre-lame-interieure-reference","status":"publish","type":"product","link":"https:\/\/www.sams-industrie.fr\/en\/product\/contre-lame-interieure-reference\/","title":{"rendered":"Inner counterblade<br> Reference DR 2018"},"content":{"rendered":"","protected":false},"excerpt":{"rendered":"<p>RAPIDEX Agrafeuse<br \/> R\u00e9f\u00e9rence constructeur : DR 2018<br \/> R\u00e9f\u00e9rences \u00e9quivalentes : DR2018 \/ MDR2018 \/ RAPDR2018<\/p>","protected":false},"featured_media":0,"comment_status":"open","ping_status":"closed","template":"","meta":[],"_links":{"self":[{"href":"https:\/\/www.sams-industrie.fr\/en\/wp-json\/wp\/v2\/product\/10662"}],"collection":[{"href":"https:\/\/www.sams-industrie.fr\/en\/wp-json\/wp\/v2\/product"}],"about":[{"href":"https:\/\/www.sams-industrie.fr\/en\/wp-json\/wp\/v2\/types\/product"}],"replies":[{"embeddable":true,"href":"https:\/\/www.sams-industrie.fr\/en\/wp-json\/wp\/v2\/comments?post=10662"}],"wp:attachment":[{"href":"https:\/\/www.sams-industrie.fr\/en\/wp-json\/wp\/v2\/media?parent=10662"}],"curies":[{"name":"wp","href":"https:\/\/api.w.org\/{rel}","templated":true}]}}