{"id":10659,"date":"2025-02-05T10:00:19","date_gmt":"2025-02-05T09:00:19","guid":{"rendered":"https:\/\/www.sams-industrie.fr\/product\/gaine-guide-fil-reference-3\/"},"modified":"2025-02-19T12:01:30","modified_gmt":"2025-02-19T11:01:30","slug":"gaine-guide-fil-reference-3","status":"publish","type":"product","link":"https:\/\/www.sams-industrie.fr\/en\/product\/gaine-guide-fil-reference-3\/","title":{"rendered":"Wire guide sheath<br> Reference GF-027-036"},"content":{"rendered":"","protected":false},"excerpt":{"rendered":"<p>RAPIDEX Agrafeuse<br \/> R\u00e9f\u00e9rence constructeur : GF-027-036<br \/> R\u00e9f\u00e9rences \u00e9quivalentes : GF027036 \/ MGF027036 \/ RAPGF027036<\/p>","protected":false},"featured_media":0,"comment_status":"open","ping_status":"closed","template":"","meta":[],"_links":{"self":[{"href":"https:\/\/www.sams-industrie.fr\/en\/wp-json\/wp\/v2\/product\/10659"}],"collection":[{"href":"https:\/\/www.sams-industrie.fr\/en\/wp-json\/wp\/v2\/product"}],"about":[{"href":"https:\/\/www.sams-industrie.fr\/en\/wp-json\/wp\/v2\/types\/product"}],"replies":[{"embeddable":true,"href":"https:\/\/www.sams-industrie.fr\/en\/wp-json\/wp\/v2\/comments?post=10659"}],"wp:attachment":[{"href":"https:\/\/www.sams-industrie.fr\/en\/wp-json\/wp\/v2\/media?parent=10659"}],"curies":[{"name":"wp","href":"https:\/\/api.w.org\/{rel}","templated":true}]}}