{"id":10656,"date":"2025-02-05T10:00:17","date_gmt":"2025-02-05T09:00:17","guid":{"rendered":"https:\/\/www.sams-industrie.fr\/product\/support-mts-reference-imprimeuse\/"},"modified":"2025-02-19T12:01:28","modified_gmt":"2025-02-19T11:01:28","slug":"support-mts-reference-imprimeuse","status":"publish","type":"product","link":"https:\/\/www.sams-industrie.fr\/en\/product\/support-mts-reference-imprimeuse\/","title":{"rendered":"MTS Support<br> Reference 700-109-085"},"content":{"rendered":"","protected":false},"excerpt":{"rendered":"<p>RAPIDEX RAPIDLINE 13<br \/> R\u00e9f\u00e9rence constructeur : 700-109-085<br \/> R\u00e9f\u00e9rences \u00e9quivalentes : 700109085 \/ M700109085 \/ RAP700109085<\/p>","protected":false},"featured_media":0,"comment_status":"open","ping_status":"closed","template":"","meta":[],"_links":{"self":[{"href":"https:\/\/www.sams-industrie.fr\/en\/wp-json\/wp\/v2\/product\/10656"}],"collection":[{"href":"https:\/\/www.sams-industrie.fr\/en\/wp-json\/wp\/v2\/product"}],"about":[{"href":"https:\/\/www.sams-industrie.fr\/en\/wp-json\/wp\/v2\/types\/product"}],"replies":[{"embeddable":true,"href":"https:\/\/www.sams-industrie.fr\/en\/wp-json\/wp\/v2\/comments?post=10656"}],"wp:attachment":[{"href":"https:\/\/www.sams-industrie.fr\/en\/wp-json\/wp\/v2\/media?parent=10656"}],"curies":[{"name":"wp","href":"https:\/\/api.w.org\/{rel}","templated":true}]}}