{"id":10654,"date":"2025-02-05T10:00:16","date_gmt":"2025-02-05T09:00:16","guid":{"rendered":"https:\/\/www.sams-industrie.fr\/product\/couvercle-guide-fil-entree-reference\/"},"modified":"2025-02-19T12:01:25","modified_gmt":"2025-02-19T11:01:25","slug":"couvercle-guide-fil-entree-reference","status":"publish","type":"product","link":"https:\/\/www.sams-industrie.fr\/en\/product\/couvercle-guide-fil-entree-reference\/","title":{"rendered":"Wire guide cover inlet<br> Reference GD-027-057"},"content":{"rendered":"","protected":false},"excerpt":{"rendered":"<p>RAPIDEX 2PC721-Agrafeuse en ligne<br \/> R\u00e9f\u00e9rence constructeur : GD-027-057<br \/> R\u00e9f\u00e9rences \u00e9quivalentes : GD027057 \/ MGD027057 \/ RAPGD027057<\/p>","protected":false},"featured_media":0,"comment_status":"open","ping_status":"closed","template":"","meta":[],"_links":{"self":[{"href":"https:\/\/www.sams-industrie.fr\/en\/wp-json\/wp\/v2\/product\/10654"}],"collection":[{"href":"https:\/\/www.sams-industrie.fr\/en\/wp-json\/wp\/v2\/product"}],"about":[{"href":"https:\/\/www.sams-industrie.fr\/en\/wp-json\/wp\/v2\/types\/product"}],"replies":[{"embeddable":true,"href":"https:\/\/www.sams-industrie.fr\/en\/wp-json\/wp\/v2\/comments?post=10654"}],"wp:attachment":[{"href":"https:\/\/www.sams-industrie.fr\/en\/wp-json\/wp\/v2\/media?parent=10654"}],"curies":[{"name":"wp","href":"https:\/\/api.w.org\/{rel}","templated":true}]}}