{"id":10651,"date":"2025-02-05T10:00:14","date_gmt":"2025-02-05T09:00:14","guid":{"rendered":"https:\/\/www.sams-industrie.fr\/product\/guide-entree-de-fil-reference-2\/"},"modified":"2025-02-19T12:01:23","modified_gmt":"2025-02-19T11:01:23","slug":"guide-entree-de-fil-reference-2","status":"publish","type":"product","link":"https:\/\/www.sams-industrie.fr\/en\/product\/guide-entree-de-fil-reference-2\/","title":{"rendered":"Wire entry guide<br> Reference GD-027-056"},"content":{"rendered":"","protected":false},"excerpt":{"rendered":"<p>RAPIDEX Inline Stapler<br \/> R\u00e9f\u00e9rence constructeur : GD-027-056<br \/> R\u00e9f\u00e9rences \u00e9quivalentes : GD027056 \/ MGD027056 \/ RAPGD027056<\/p>","protected":false},"featured_media":0,"comment_status":"open","ping_status":"closed","template":"","meta":[],"_links":{"self":[{"href":"https:\/\/www.sams-industrie.fr\/en\/wp-json\/wp\/v2\/product\/10651"}],"collection":[{"href":"https:\/\/www.sams-industrie.fr\/en\/wp-json\/wp\/v2\/product"}],"about":[{"href":"https:\/\/www.sams-industrie.fr\/en\/wp-json\/wp\/v2\/types\/product"}],"replies":[{"embeddable":true,"href":"https:\/\/www.sams-industrie.fr\/en\/wp-json\/wp\/v2\/comments?post=10651"}],"wp:attachment":[{"href":"https:\/\/www.sams-industrie.fr\/en\/wp-json\/wp\/v2\/media?parent=10651"}],"curies":[{"name":"wp","href":"https:\/\/api.w.org\/{rel}","templated":true}]}}