{"id":10650,"date":"2025-02-05T10:00:13","date_gmt":"2025-02-05T09:00:13","guid":{"rendered":"https:\/\/www.sams-industrie.fr\/product\/guide-entree-de-fil-reference\/"},"modified":"2025-02-19T12:01:22","modified_gmt":"2025-02-19T11:01:22","slug":"guide-entree-de-fil-reference","status":"publish","type":"product","link":"https:\/\/www.sams-industrie.fr\/en\/product\/guide-entree-de-fil-reference\/","title":{"rendered":"Wire entry guide<br> Reference WB-014-039"},"content":{"rendered":"","protected":false},"excerpt":{"rendered":"<p>RAPIDEX 2PC721<br \/> R\u00e9f\u00e9rence constructeur : WB-014-039<br \/> R\u00e9f\u00e9rences \u00e9quivalentes : WB014039 \/ MWB014039 \/ RAPWB014039<\/p>","protected":false},"featured_media":0,"comment_status":"open","ping_status":"closed","template":"","meta":[],"_links":{"self":[{"href":"https:\/\/www.sams-industrie.fr\/en\/wp-json\/wp\/v2\/product\/10650"}],"collection":[{"href":"https:\/\/www.sams-industrie.fr\/en\/wp-json\/wp\/v2\/product"}],"about":[{"href":"https:\/\/www.sams-industrie.fr\/en\/wp-json\/wp\/v2\/types\/product"}],"replies":[{"embeddable":true,"href":"https:\/\/www.sams-industrie.fr\/en\/wp-json\/wp\/v2\/comments?post=10650"}],"wp:attachment":[{"href":"https:\/\/www.sams-industrie.fr\/en\/wp-json\/wp\/v2\/media?parent=10650"}],"curies":[{"name":"wp","href":"https:\/\/api.w.org\/{rel}","templated":true}]}}