{"id":10649,"date":"2025-02-05T10:00:12","date_gmt":"2025-02-05T09:00:12","guid":{"rendered":"https:\/\/www.sams-industrie.fr\/product\/contre-laminoir-reference-2\/"},"modified":"2025-02-19T12:01:22","modified_gmt":"2025-02-19T11:01:22","slug":"contre-laminoir-reference-2","status":"publish","type":"product","link":"https:\/\/www.sams-industrie.fr\/en\/product\/contre-laminoir-reference-2\/","title":{"rendered":"Counter rolling mill<br> Reference GD-027-049"},"content":{"rendered":"","protected":false},"excerpt":{"rendered":"<p>RAPIDEX Agrafeuse<br \/> R\u00e9f\u00e9rence constructeur : GD-027-049<br \/> R\u00e9f\u00e9rences \u00e9quivalentes : GD027049 \/ MGD027049 \/ RAPGD027049<\/p>","protected":false},"featured_media":0,"comment_status":"open","ping_status":"closed","template":"","meta":[],"_links":{"self":[{"href":"https:\/\/www.sams-industrie.fr\/en\/wp-json\/wp\/v2\/product\/10649"}],"collection":[{"href":"https:\/\/www.sams-industrie.fr\/en\/wp-json\/wp\/v2\/product"}],"about":[{"href":"https:\/\/www.sams-industrie.fr\/en\/wp-json\/wp\/v2\/types\/product"}],"replies":[{"embeddable":true,"href":"https:\/\/www.sams-industrie.fr\/en\/wp-json\/wp\/v2\/comments?post=10649"}],"wp:attachment":[{"href":"https:\/\/www.sams-industrie.fr\/en\/wp-json\/wp\/v2\/media?parent=10649"}],"curies":[{"name":"wp","href":"https:\/\/api.w.org\/{rel}","templated":true}]}}