{"id":10648,"date":"2025-02-05T10:00:12","date_gmt":"2025-02-05T09:00:12","guid":{"rendered":"https:\/\/www.sams-industrie.fr\/product\/pignon-de-contre-laminoir-reference\/"},"modified":"2025-02-19T12:01:21","modified_gmt":"2025-02-19T11:01:21","slug":"pignon-de-contre-laminoir-reference","status":"publish","type":"product","link":"https:\/\/www.sams-industrie.fr\/en\/product\/pignon-de-contre-laminoir-reference\/","title":{"rendered":"Counter-rolling mill pinion<br> Reference GD-027-050"},"content":{"rendered":"","protected":false},"excerpt":{"rendered":"<p>RAPIDEX Agrafeuse<br \/> R\u00e9f\u00e9rence constructeur : GD-027-050<br \/> R\u00e9f\u00e9rences \u00e9quivalentes : GD027050 \/ MGD027050 \/ RAPGD027050<\/p>","protected":false},"featured_media":0,"comment_status":"open","ping_status":"closed","template":"","meta":[],"_links":{"self":[{"href":"https:\/\/www.sams-industrie.fr\/en\/wp-json\/wp\/v2\/product\/10648"}],"collection":[{"href":"https:\/\/www.sams-industrie.fr\/en\/wp-json\/wp\/v2\/product"}],"about":[{"href":"https:\/\/www.sams-industrie.fr\/en\/wp-json\/wp\/v2\/types\/product"}],"replies":[{"embeddable":true,"href":"https:\/\/www.sams-industrie.fr\/en\/wp-json\/wp\/v2\/comments?post=10648"}],"wp:attachment":[{"href":"https:\/\/www.sams-industrie.fr\/en\/wp-json\/wp\/v2\/media?parent=10648"}],"curies":[{"name":"wp","href":"https:\/\/api.w.org\/{rel}","templated":true}]}}