{"id":10646,"date":"2025-02-05T10:00:10","date_gmt":"2025-02-05T09:00:10","guid":{"rendered":"https:\/\/www.sams-industrie.fr\/product\/plaquette-de-serrage-reference\/"},"modified":"2025-02-19T12:01:19","modified_gmt":"2025-02-19T11:01:19","slug":"plaquette-de-serrage-reference","status":"publish","type":"product","link":"https:\/\/www.sams-industrie.fr\/en\/product\/plaquette-de-serrage-reference\/","title":{"rendered":"Clamping plate<br> Reference GD-001-106"},"content":{"rendered":"","protected":false},"excerpt":{"rendered":"<p>RAPIDEX Agrafeuse<br \/> R\u00e9f\u00e9rence constructeur : GD-001-106<br \/> R\u00e9f\u00e9rences \u00e9quivalentes : GD001106 \/ MGD001106 \/ RAPGD001106<\/p>","protected":false},"featured_media":0,"comment_status":"open","ping_status":"closed","template":"","meta":[],"_links":{"self":[{"href":"https:\/\/www.sams-industrie.fr\/en\/wp-json\/wp\/v2\/product\/10646"}],"collection":[{"href":"https:\/\/www.sams-industrie.fr\/en\/wp-json\/wp\/v2\/product"}],"about":[{"href":"https:\/\/www.sams-industrie.fr\/en\/wp-json\/wp\/v2\/types\/product"}],"replies":[{"embeddable":true,"href":"https:\/\/www.sams-industrie.fr\/en\/wp-json\/wp\/v2\/comments?post=10646"}],"wp:attachment":[{"href":"https:\/\/www.sams-industrie.fr\/en\/wp-json\/wp\/v2\/media?parent=10646"}],"curies":[{"name":"wp","href":"https:\/\/api.w.org\/{rel}","templated":true}]}}