{"id":10645,"date":"2025-02-05T10:00:09","date_gmt":"2025-02-05T09:00:09","guid":{"rendered":"https:\/\/www.sams-industrie.fr\/product\/axe-de-pignon-balladeur-reference\/"},"modified":"2025-02-19T12:01:19","modified_gmt":"2025-02-19T11:01:19","slug":"axe-de-pignon-balladeur-reference","status":"publish","type":"product","link":"https:\/\/www.sams-industrie.fr\/en\/product\/axe-de-pignon-balladeur-reference\/","title":{"rendered":"Sliding pinion shaft<br> Reference GF-027-015"},"content":{"rendered":"","protected":false},"excerpt":{"rendered":"<p>RAPIDEX Agrafeuse<br \/> R\u00e9f\u00e9rence constructeur : GF-027-015<br \/> R\u00e9f\u00e9rences \u00e9quivalentes : GF027015 \/ MGF027015 \/ RAPGF027015<\/p>","protected":false},"featured_media":0,"comment_status":"open","ping_status":"closed","template":"","meta":[],"_links":{"self":[{"href":"https:\/\/www.sams-industrie.fr\/en\/wp-json\/wp\/v2\/product\/10645"}],"collection":[{"href":"https:\/\/www.sams-industrie.fr\/en\/wp-json\/wp\/v2\/product"}],"about":[{"href":"https:\/\/www.sams-industrie.fr\/en\/wp-json\/wp\/v2\/types\/product"}],"replies":[{"embeddable":true,"href":"https:\/\/www.sams-industrie.fr\/en\/wp-json\/wp\/v2\/comments?post=10645"}],"wp:attachment":[{"href":"https:\/\/www.sams-industrie.fr\/en\/wp-json\/wp\/v2\/media?parent=10645"}],"curies":[{"name":"wp","href":"https:\/\/api.w.org\/{rel}","templated":true}]}}