{"id":10644,"date":"2025-02-05T10:00:09","date_gmt":"2025-02-05T09:00:09","guid":{"rendered":"https:\/\/www.sams-industrie.fr\/product\/plaquette-de-butee-reference\/"},"modified":"2025-02-19T12:01:18","modified_gmt":"2025-02-19T11:01:18","slug":"plaquette-de-butee-reference","status":"publish","type":"product","link":"https:\/\/www.sams-industrie.fr\/en\/product\/plaquette-de-butee-reference\/","title":{"rendered":"Stop plate <br> Reference GF-027-026"},"content":{"rendered":"","protected":false},"excerpt":{"rendered":"<p>RAPIDEX Agrafeuse<br \/> R\u00e9f\u00e9rence constructeur : GF-027-026<br \/> R\u00e9f\u00e9rences \u00e9quivalentes : GF027026 \/ MGF027026 \/ RAPGF027026<\/p>","protected":false},"featured_media":0,"comment_status":"open","ping_status":"closed","template":"","meta":[],"_links":{"self":[{"href":"https:\/\/www.sams-industrie.fr\/en\/wp-json\/wp\/v2\/product\/10644"}],"collection":[{"href":"https:\/\/www.sams-industrie.fr\/en\/wp-json\/wp\/v2\/product"}],"about":[{"href":"https:\/\/www.sams-industrie.fr\/en\/wp-json\/wp\/v2\/types\/product"}],"replies":[{"embeddable":true,"href":"https:\/\/www.sams-industrie.fr\/en\/wp-json\/wp\/v2\/comments?post=10644"}],"wp:attachment":[{"href":"https:\/\/www.sams-industrie.fr\/en\/wp-json\/wp\/v2\/media?parent=10644"}],"curies":[{"name":"wp","href":"https:\/\/api.w.org\/{rel}","templated":true}]}}