{"id":10641,"date":"2025-02-05T10:00:07","date_gmt":"2025-02-05T09:00:07","guid":{"rendered":"https:\/\/www.sams-industrie.fr\/product\/arbre-de-laminoir-reference\/"},"modified":"2025-02-19T12:01:16","modified_gmt":"2025-02-19T11:01:16","slug":"arbre-de-laminoir-reference","status":"publish","type":"product","link":"https:\/\/www.sams-industrie.fr\/en\/product\/arbre-de-laminoir-reference\/","title":{"rendered":"Rolling mill shaft<br> Reference GF-027-025"},"content":{"rendered":"","protected":false},"excerpt":{"rendered":"<p>RAPIDEX Agrafeuse<br \/> R\u00e9f\u00e9rence constructeur : GF-027-025<br \/> R\u00e9f\u00e9rences \u00e9quivalentes : GF027025 \/ MGF027025 \/ RAPGF027025<\/p>","protected":false},"featured_media":0,"comment_status":"open","ping_status":"closed","template":"","meta":[],"_links":{"self":[{"href":"https:\/\/www.sams-industrie.fr\/en\/wp-json\/wp\/v2\/product\/10641"}],"collection":[{"href":"https:\/\/www.sams-industrie.fr\/en\/wp-json\/wp\/v2\/product"}],"about":[{"href":"https:\/\/www.sams-industrie.fr\/en\/wp-json\/wp\/v2\/types\/product"}],"replies":[{"embeddable":true,"href":"https:\/\/www.sams-industrie.fr\/en\/wp-json\/wp\/v2\/comments?post=10641"}],"wp:attachment":[{"href":"https:\/\/www.sams-industrie.fr\/en\/wp-json\/wp\/v2\/media?parent=10641"}],"curies":[{"name":"wp","href":"https:\/\/api.w.org\/{rel}","templated":true}]}}