{"id":10640,"date":"2025-02-05T10:00:06","date_gmt":"2025-02-05T09:00:06","guid":{"rendered":"https:\/\/www.sams-industrie.fr\/product\/ressort-de-rappel-de-laminoir-reference\/"},"modified":"2025-02-19T12:01:15","modified_gmt":"2025-02-19T11:01:15","slug":"ressort-de-rappel-de-laminoir-reference","status":"publish","type":"product","link":"https:\/\/www.sams-industrie.fr\/en\/product\/ressort-de-rappel-de-laminoir-reference\/","title":{"rendered":"Rolling mill return spring<br> Reference 10469"},"content":{"rendered":"","protected":false},"excerpt":{"rendered":"<p>RAPIDEX Agrafeuse<br \/> R\u00e9f\u00e9rence constructeur : 10469<br \/> R\u00e9f\u00e9rences \u00e9quivalentes : 10469 \/ M10469 \/ RAP10469<\/p>","protected":false},"featured_media":0,"comment_status":"open","ping_status":"closed","template":"","meta":[],"_links":{"self":[{"href":"https:\/\/www.sams-industrie.fr\/en\/wp-json\/wp\/v2\/product\/10640"}],"collection":[{"href":"https:\/\/www.sams-industrie.fr\/en\/wp-json\/wp\/v2\/product"}],"about":[{"href":"https:\/\/www.sams-industrie.fr\/en\/wp-json\/wp\/v2\/types\/product"}],"replies":[{"embeddable":true,"href":"https:\/\/www.sams-industrie.fr\/en\/wp-json\/wp\/v2\/comments?post=10640"}],"wp:attachment":[{"href":"https:\/\/www.sams-industrie.fr\/en\/wp-json\/wp\/v2\/media?parent=10640"}],"curies":[{"name":"wp","href":"https:\/\/api.w.org\/{rel}","templated":true}]}}