{"id":10638,"date":"2025-02-05T10:00:05","date_gmt":"2025-02-05T09:00:05","guid":{"rendered":"https:\/\/www.sams-industrie.fr\/product\/axe-du-levier-de-laminoir-reference\/"},"modified":"2025-02-19T12:01:14","modified_gmt":"2025-02-19T11:01:14","slug":"axe-du-levier-de-laminoir-reference","status":"publish","type":"product","link":"https:\/\/www.sams-industrie.fr\/en\/product\/axe-du-levier-de-laminoir-reference\/","title":{"rendered":"Rolling mill lever axis<br> Reference GE-027-506"},"content":{"rendered":"","protected":false},"excerpt":{"rendered":"<p>RAPIDEX Agrafeuse<br \/> R\u00e9f\u00e9rence constructeur : GE-027-506<br \/> R\u00e9f\u00e9rences \u00e9quivalentes : GE027506 \/ MGE027506 \/ RAPGE027506<\/p>","protected":false},"featured_media":0,"comment_status":"open","ping_status":"closed","template":"","meta":[],"_links":{"self":[{"href":"https:\/\/www.sams-industrie.fr\/en\/wp-json\/wp\/v2\/product\/10638"}],"collection":[{"href":"https:\/\/www.sams-industrie.fr\/en\/wp-json\/wp\/v2\/product"}],"about":[{"href":"https:\/\/www.sams-industrie.fr\/en\/wp-json\/wp\/v2\/types\/product"}],"replies":[{"embeddable":true,"href":"https:\/\/www.sams-industrie.fr\/en\/wp-json\/wp\/v2\/comments?post=10638"}],"wp:attachment":[{"href":"https:\/\/www.sams-industrie.fr\/en\/wp-json\/wp\/v2\/media?parent=10638"}],"curies":[{"name":"wp","href":"https:\/\/api.w.org\/{rel}","templated":true}]}}