{"id":10637,"date":"2025-02-05T10:00:04","date_gmt":"2025-02-05T09:00:04","guid":{"rendered":"https:\/\/www.sams-industrie.fr\/product\/pignon-reference-13\/"},"modified":"2025-02-19T12:01:13","modified_gmt":"2025-02-19T11:01:13","slug":"pignon-reference-13","status":"publish","type":"product","link":"https:\/\/www.sams-industrie.fr\/en\/product\/pignon-reference-13\/","title":{"rendered":"Pinion<br> Reference GD-027-027"},"content":{"rendered":"","protected":false},"excerpt":{"rendered":"<p>RAPIDEX Agrafeuse<br \/> R\u00e9f\u00e9rence constructeur : GD-027-027<br \/> R\u00e9f\u00e9rences \u00e9quivalentes : GD027027 \/ MGD027027 \/ RAPGD027027<\/p>","protected":false},"featured_media":0,"comment_status":"open","ping_status":"closed","template":"","meta":[],"_links":{"self":[{"href":"https:\/\/www.sams-industrie.fr\/en\/wp-json\/wp\/v2\/product\/10637"}],"collection":[{"href":"https:\/\/www.sams-industrie.fr\/en\/wp-json\/wp\/v2\/product"}],"about":[{"href":"https:\/\/www.sams-industrie.fr\/en\/wp-json\/wp\/v2\/types\/product"}],"replies":[{"embeddable":true,"href":"https:\/\/www.sams-industrie.fr\/en\/wp-json\/wp\/v2\/comments?post=10637"}],"wp:attachment":[{"href":"https:\/\/www.sams-industrie.fr\/en\/wp-json\/wp\/v2\/media?parent=10637"}],"curies":[{"name":"wp","href":"https:\/\/api.w.org\/{rel}","templated":true}]}}