{"id":10633,"date":"2025-02-05T10:00:02","date_gmt":"2025-02-05T09:00:02","guid":{"rendered":"https:\/\/www.sams-industrie.fr\/product\/levier-de-laminoir-reference-2\/"},"modified":"2025-02-19T12:01:10","modified_gmt":"2025-02-19T11:01:10","slug":"levier-de-laminoir-reference-2","status":"publish","type":"product","link":"https:\/\/www.sams-industrie.fr\/en\/product\/levier-de-laminoir-reference-2\/","title":{"rendered":"Rolling mill lever<br> Reference GF-027-021"},"content":{"rendered":"","protected":false},"excerpt":{"rendered":"<p>RAPIDEX 2PC721 \u2013 RAPIDTWIN<br \/> R\u00e9f\u00e9rence constructeur : GF-027-021<br \/> R\u00e9f\u00e9rences \u00e9quivalentes : GF027021 \/ MGF027021 \/ RAPGF027021<\/p>","protected":false},"featured_media":0,"comment_status":"open","ping_status":"closed","template":"","meta":[],"_links":{"self":[{"href":"https:\/\/www.sams-industrie.fr\/en\/wp-json\/wp\/v2\/product\/10633"}],"collection":[{"href":"https:\/\/www.sams-industrie.fr\/en\/wp-json\/wp\/v2\/product"}],"about":[{"href":"https:\/\/www.sams-industrie.fr\/en\/wp-json\/wp\/v2\/types\/product"}],"replies":[{"embeddable":true,"href":"https:\/\/www.sams-industrie.fr\/en\/wp-json\/wp\/v2\/comments?post=10633"}],"wp:attachment":[{"href":"https:\/\/www.sams-industrie.fr\/en\/wp-json\/wp\/v2\/media?parent=10633"}],"curies":[{"name":"wp","href":"https:\/\/api.w.org\/{rel}","templated":true}]}}