{"id":10631,"date":"2025-02-05T10:00:00","date_gmt":"2025-02-05T09:00:00","guid":{"rendered":"https:\/\/www.sams-industrie.fr\/product\/axe-de-laminoir-reference\/"},"modified":"2025-02-19T12:01:08","modified_gmt":"2025-02-19T11:01:08","slug":"axe-de-laminoir-reference","status":"publish","type":"product","link":"https:\/\/www.sams-industrie.fr\/en\/product\/axe-de-laminoir-reference\/","title":{"rendered":"Rolling mill shaft<br> Reference GD-027-062"},"content":{"rendered":"","protected":false},"excerpt":{"rendered":"<p>RAPIDEX Agrafeuse<br \/> R\u00e9f\u00e9rence constructeur : GD-027-062<br \/> R\u00e9f\u00e9rences \u00e9quivalentes : GD027062 \/ MGD027062 \/ RAPGD027062<\/p>","protected":false},"featured_media":0,"comment_status":"open","ping_status":"closed","template":"","meta":[],"_links":{"self":[{"href":"https:\/\/www.sams-industrie.fr\/en\/wp-json\/wp\/v2\/product\/10631"}],"collection":[{"href":"https:\/\/www.sams-industrie.fr\/en\/wp-json\/wp\/v2\/product"}],"about":[{"href":"https:\/\/www.sams-industrie.fr\/en\/wp-json\/wp\/v2\/types\/product"}],"replies":[{"embeddable":true,"href":"https:\/\/www.sams-industrie.fr\/en\/wp-json\/wp\/v2\/comments?post=10631"}],"wp:attachment":[{"href":"https:\/\/www.sams-industrie.fr\/en\/wp-json\/wp\/v2\/media?parent=10631"}],"curies":[{"name":"wp","href":"https:\/\/api.w.org\/{rel}","templated":true}]}}