{"id":10629,"date":"2025-02-05T09:59:59","date_gmt":"2025-02-05T08:59:59","guid":{"rendered":"https:\/\/www.sams-industrie.fr\/product\/laminoir-reference\/"},"modified":"2025-02-19T12:01:07","modified_gmt":"2025-02-19T11:01:07","slug":"laminoir-reference","status":"publish","type":"product","link":"https:\/\/www.sams-industrie.fr\/en\/product\/laminoir-reference\/","title":{"rendered":"Rolling mill<br> Reference GD-027-043"},"content":{"rendered":"","protected":false},"excerpt":{"rendered":"<p>RAPIDEX Agrafeuse<br \/> R\u00e9f\u00e9rence constructeur : GD-027-043<br \/> R\u00e9f\u00e9rences \u00e9quivalentes : GD027043 \/ MGD027043 \/ RAPGD027043<\/p>","protected":false},"featured_media":0,"comment_status":"open","ping_status":"closed","template":"","meta":[],"_links":{"self":[{"href":"https:\/\/www.sams-industrie.fr\/en\/wp-json\/wp\/v2\/product\/10629"}],"collection":[{"href":"https:\/\/www.sams-industrie.fr\/en\/wp-json\/wp\/v2\/product"}],"about":[{"href":"https:\/\/www.sams-industrie.fr\/en\/wp-json\/wp\/v2\/types\/product"}],"replies":[{"embeddable":true,"href":"https:\/\/www.sams-industrie.fr\/en\/wp-json\/wp\/v2\/comments?post=10629"}],"wp:attachment":[{"href":"https:\/\/www.sams-industrie.fr\/en\/wp-json\/wp\/v2\/media?parent=10629"}],"curies":[{"name":"wp","href":"https:\/\/api.w.org\/{rel}","templated":true}]}}