{"id":10628,"date":"2025-02-05T09:59:58","date_gmt":"2025-02-05T08:59:58","guid":{"rendered":"https:\/\/www.sams-industrie.fr\/product\/carter-de-debit-de-fil-reference\/"},"modified":"2025-02-19T12:01:06","modified_gmt":"2025-02-19T11:01:06","slug":"carter-de-debit-de-fil-reference","status":"publish","type":"product","link":"https:\/\/www.sams-industrie.fr\/en\/product\/carter-de-debit-de-fil-reference\/","title":{"rendered":"Wire feed housing<br> Reference GF-001-049"},"content":{"rendered":"","protected":false},"excerpt":{"rendered":"<p>RAPIDEX Agrafeuse<br \/> R\u00e9f\u00e9rence constructeur : GF-001-049<br \/> R\u00e9f\u00e9rences \u00e9quivalentes : GF001049 \/ MGF001049 \/ RAPGF001049<\/p>","protected":false},"featured_media":0,"comment_status":"open","ping_status":"closed","template":"","meta":[],"_links":{"self":[{"href":"https:\/\/www.sams-industrie.fr\/en\/wp-json\/wp\/v2\/product\/10628"}],"collection":[{"href":"https:\/\/www.sams-industrie.fr\/en\/wp-json\/wp\/v2\/product"}],"about":[{"href":"https:\/\/www.sams-industrie.fr\/en\/wp-json\/wp\/v2\/types\/product"}],"replies":[{"embeddable":true,"href":"https:\/\/www.sams-industrie.fr\/en\/wp-json\/wp\/v2\/comments?post=10628"}],"wp:attachment":[{"href":"https:\/\/www.sams-industrie.fr\/en\/wp-json\/wp\/v2\/media?parent=10628"}],"curies":[{"name":"wp","href":"https:\/\/api.w.org\/{rel}","templated":true}]}}