{"id":10626,"date":"2025-02-05T09:59:57","date_gmt":"2025-02-05T08:59:57","guid":{"rendered":"https:\/\/www.sams-industrie.fr\/product\/rondelle-bronze-debit-de-fil-reference\/"},"modified":"2025-02-19T12:01:03","modified_gmt":"2025-02-19T11:01:03","slug":"rondelle-bronze-debit-de-fil-reference","status":"publish","type":"product","link":"https:\/\/www.sams-industrie.fr\/en\/product\/rondelle-bronze-debit-de-fil-reference\/","title":{"rendered":"Bronze washer wire flow<br> Reference GD-027-025"},"content":{"rendered":"","protected":false},"excerpt":{"rendered":"<p>RAPIDEX Agrafeuse<br \/> R\u00e9f\u00e9rence constructeur : GD-027-025<br \/> R\u00e9f\u00e9rences \u00e9quivalentes : GD027025 \/ MGD027025 \/ RAPGD027025<\/p>","protected":false},"featured_media":0,"comment_status":"open","ping_status":"closed","template":"","meta":[],"_links":{"self":[{"href":"https:\/\/www.sams-industrie.fr\/en\/wp-json\/wp\/v2\/product\/10626"}],"collection":[{"href":"https:\/\/www.sams-industrie.fr\/en\/wp-json\/wp\/v2\/product"}],"about":[{"href":"https:\/\/www.sams-industrie.fr\/en\/wp-json\/wp\/v2\/types\/product"}],"replies":[{"embeddable":true,"href":"https:\/\/www.sams-industrie.fr\/en\/wp-json\/wp\/v2\/comments?post=10626"}],"wp:attachment":[{"href":"https:\/\/www.sams-industrie.fr\/en\/wp-json\/wp\/v2\/media?parent=10626"}],"curies":[{"name":"wp","href":"https:\/\/api.w.org\/{rel}","templated":true}]}}