{"id":10624,"date":"2025-02-05T09:59:56","date_gmt":"2025-02-05T08:59:56","guid":{"rendered":"https:\/\/www.sams-industrie.fr\/product\/pignon-reference-10\/"},"modified":"2025-02-19T12:01:02","modified_gmt":"2025-02-19T11:01:02","slug":"pignon-reference-10","status":"publish","type":"product","link":"https:\/\/www.sams-industrie.fr\/en\/product\/pignon-reference-10\/","title":{"rendered":"Pinion<br> Reference PI-048"},"content":{"rendered":"","protected":false},"excerpt":{"rendered":"<p>RAPIDEX Agrafeuse<br \/> R\u00e9f\u00e9rence constructeur : PI-048 <br \/> R\u00e9f\u00e9rences \u00e9quivalentes : PI048 \/ MPI048 \/ RAPPI048<\/p>","protected":false},"featured_media":0,"comment_status":"open","ping_status":"closed","template":"","meta":[],"_links":{"self":[{"href":"https:\/\/www.sams-industrie.fr\/en\/wp-json\/wp\/v2\/product\/10624"}],"collection":[{"href":"https:\/\/www.sams-industrie.fr\/en\/wp-json\/wp\/v2\/product"}],"about":[{"href":"https:\/\/www.sams-industrie.fr\/en\/wp-json\/wp\/v2\/types\/product"}],"replies":[{"embeddable":true,"href":"https:\/\/www.sams-industrie.fr\/en\/wp-json\/wp\/v2\/comments?post=10624"}],"wp:attachment":[{"href":"https:\/\/www.sams-industrie.fr\/en\/wp-json\/wp\/v2\/media?parent=10624"}],"curies":[{"name":"wp","href":"https:\/\/api.w.org\/{rel}","templated":true}]}}