{"id":10621,"date":"2025-02-05T09:59:54","date_gmt":"2025-02-05T08:59:54","guid":{"rendered":"https:\/\/www.sams-industrie.fr\/product\/pignon-reference-7\/"},"modified":"2025-02-19T12:01:00","modified_gmt":"2025-02-19T11:01:00","slug":"pignon-reference-7","status":"publish","type":"product","link":"https:\/\/www.sams-industrie.fr\/en\/product\/pignon-reference-7\/","title":{"rendered":"Pinion<br> Reference PI-038"},"content":{"rendered":"","protected":false},"excerpt":{"rendered":"<p>RAPIDEX Agrafeuse<br \/> R\u00e9f\u00e9rence constructeur : PI-038 <br \/> R\u00e9f\u00e9rences \u00e9quivalentes : PI038 \/ MPI038 \/ RAPPI038<\/p>","protected":false},"featured_media":0,"comment_status":"open","ping_status":"closed","template":"","meta":[],"_links":{"self":[{"href":"https:\/\/www.sams-industrie.fr\/en\/wp-json\/wp\/v2\/product\/10621"}],"collection":[{"href":"https:\/\/www.sams-industrie.fr\/en\/wp-json\/wp\/v2\/product"}],"about":[{"href":"https:\/\/www.sams-industrie.fr\/en\/wp-json\/wp\/v2\/types\/product"}],"replies":[{"embeddable":true,"href":"https:\/\/www.sams-industrie.fr\/en\/wp-json\/wp\/v2\/comments?post=10621"}],"wp:attachment":[{"href":"https:\/\/www.sams-industrie.fr\/en\/wp-json\/wp\/v2\/media?parent=10621"}],"curies":[{"name":"wp","href":"https:\/\/api.w.org\/{rel}","templated":true}]}}