{"id":10620,"date":"2025-02-05T09:59:52","date_gmt":"2025-02-05T08:59:52","guid":{"rendered":"https:\/\/www.sams-industrie.fr\/product\/tete-dagrafage-complete-montee-reference\/"},"modified":"2025-02-19T12:00:59","modified_gmt":"2025-02-19T11:00:59","slug":"tete-dagrafage-complete-montee-reference","status":"publish","type":"product","link":"https:\/\/www.sams-industrie.fr\/en\/product\/tete-dagrafage-complete-montee-reference\/","title":{"rendered":"Complete staple head mounted<br> Reference SGF-001-200-016"},"content":{"rendered":"","protected":false},"excerpt":{"rendered":"<p>RAPIDEX Agrafeuse<br \/> R\u00e9f\u00e9rence constructeur : SGF-001-200-016<br \/> R\u00e9f\u00e9rences \u00e9quivalentes : SGF001200016 \/ SGF001200016 \/ SGF001200016<\/p>","protected":false},"featured_media":0,"comment_status":"open","ping_status":"closed","template":"","meta":[],"_links":{"self":[{"href":"https:\/\/www.sams-industrie.fr\/en\/wp-json\/wp\/v2\/product\/10620"}],"collection":[{"href":"https:\/\/www.sams-industrie.fr\/en\/wp-json\/wp\/v2\/product"}],"about":[{"href":"https:\/\/www.sams-industrie.fr\/en\/wp-json\/wp\/v2\/types\/product"}],"replies":[{"embeddable":true,"href":"https:\/\/www.sams-industrie.fr\/en\/wp-json\/wp\/v2\/comments?post=10620"}],"wp:attachment":[{"href":"https:\/\/www.sams-industrie.fr\/en\/wp-json\/wp\/v2\/media?parent=10620"}],"curies":[{"name":"wp","href":"https:\/\/api.w.org\/{rel}","templated":true}]}}