{"id":10614,"date":"2025-02-05T09:59:48","date_gmt":"2025-02-05T08:59:48","guid":{"rendered":"https:\/\/www.sams-industrie.fr\/product\/couvercle-pour-tete-reference\/"},"modified":"2025-02-19T12:00:54","modified_gmt":"2025-02-19T11:00:54","slug":"couvercle-pour-tete-reference","status":"publish","type":"product","link":"https:\/\/www.sams-industrie.fr\/en\/product\/couvercle-pour-tete-reference\/","title":{"rendered":"Head cover<br> Reference GE-001-260"},"content":{"rendered":"","protected":false},"excerpt":{"rendered":"<p>RAPIDEX Agrafeuse<br \/> R\u00e9f\u00e9rence constructeur : GE-001-260<br \/> R\u00e9f\u00e9rences \u00e9quivalentes : GE001260 \/ MGE001260 \/ RAPGE001260<\/p>","protected":false},"featured_media":0,"comment_status":"open","ping_status":"closed","template":"","meta":[],"_links":{"self":[{"href":"https:\/\/www.sams-industrie.fr\/en\/wp-json\/wp\/v2\/product\/10614"}],"collection":[{"href":"https:\/\/www.sams-industrie.fr\/en\/wp-json\/wp\/v2\/product"}],"about":[{"href":"https:\/\/www.sams-industrie.fr\/en\/wp-json\/wp\/v2\/types\/product"}],"replies":[{"embeddable":true,"href":"https:\/\/www.sams-industrie.fr\/en\/wp-json\/wp\/v2\/comments?post=10614"}],"wp:attachment":[{"href":"https:\/\/www.sams-industrie.fr\/en\/wp-json\/wp\/v2\/media?parent=10614"}],"curies":[{"name":"wp","href":"https:\/\/api.w.org\/{rel}","templated":true}]}}