{"id":10613,"date":"2025-02-05T09:59:47","date_gmt":"2025-02-05T08:59:47","guid":{"rendered":"https:\/\/www.sams-industrie.fr\/product\/coulisse-de-tete-reference\/"},"modified":"2025-02-19T12:00:54","modified_gmt":"2025-02-19T11:00:54","slug":"coulisse-de-tete-reference","status":"publish","type":"product","link":"https:\/\/www.sams-industrie.fr\/en\/product\/coulisse-de-tete-reference\/","title":{"rendered":"Head slide<br> Reference GE-001-112"},"content":{"rendered":"","protected":false},"excerpt":{"rendered":"<p>RAPIDEX Agrafeuse<br \/> R\u00e9f\u00e9rence constructeur : GE-001-112<br \/> R\u00e9f\u00e9rences \u00e9quivalentes : GE001112 \/ MGE001112 \/ RAPGE001112<\/p>","protected":false},"featured_media":0,"comment_status":"open","ping_status":"closed","template":"","meta":[],"_links":{"self":[{"href":"https:\/\/www.sams-industrie.fr\/en\/wp-json\/wp\/v2\/product\/10613"}],"collection":[{"href":"https:\/\/www.sams-industrie.fr\/en\/wp-json\/wp\/v2\/product"}],"about":[{"href":"https:\/\/www.sams-industrie.fr\/en\/wp-json\/wp\/v2\/types\/product"}],"replies":[{"embeddable":true,"href":"https:\/\/www.sams-industrie.fr\/en\/wp-json\/wp\/v2\/comments?post=10613"}],"wp:attachment":[{"href":"https:\/\/www.sams-industrie.fr\/en\/wp-json\/wp\/v2\/media?parent=10613"}],"curies":[{"name":"wp","href":"https:\/\/api.w.org\/{rel}","templated":true}]}}