{"id":10612,"date":"2025-02-05T09:59:47","date_gmt":"2025-02-05T08:59:47","guid":{"rendered":"https:\/\/www.sams-industrie.fr\/product\/corps-de-tete-reference-2\/"},"modified":"2025-02-19T12:00:53","modified_gmt":"2025-02-19T11:00:53","slug":"corps-de-tete-reference-2","status":"publish","type":"product","link":"https:\/\/www.sams-industrie.fr\/en\/product\/corps-de-tete-reference-2\/","title":{"rendered":"Head body<br> Reference GD-001-010"},"content":{"rendered":"","protected":false},"excerpt":{"rendered":"<p>RAPIDEX Agrafeuse<br \/> R\u00e9f\u00e9rence constructeur : GD-001-010<br \/> R\u00e9f\u00e9rences \u00e9quivalentes : GD001010 \/ MGD001010 \/ RAPGD001010<\/p>","protected":false},"featured_media":0,"comment_status":"open","ping_status":"closed","template":"","meta":[],"_links":{"self":[{"href":"https:\/\/www.sams-industrie.fr\/en\/wp-json\/wp\/v2\/product\/10612"}],"collection":[{"href":"https:\/\/www.sams-industrie.fr\/en\/wp-json\/wp\/v2\/product"}],"about":[{"href":"https:\/\/www.sams-industrie.fr\/en\/wp-json\/wp\/v2\/types\/product"}],"replies":[{"embeddable":true,"href":"https:\/\/www.sams-industrie.fr\/en\/wp-json\/wp\/v2\/comments?post=10612"}],"wp:attachment":[{"href":"https:\/\/www.sams-industrie.fr\/en\/wp-json\/wp\/v2\/media?parent=10612"}],"curies":[{"name":"wp","href":"https:\/\/api.w.org\/{rel}","templated":true}]}}