{"id":10611,"date":"2025-02-05T09:59:46","date_gmt":"2025-02-05T08:59:46","guid":{"rendered":"https:\/\/www.sams-industrie.fr\/product\/corps-de-tete-reference\/"},"modified":"2025-02-19T12:00:52","modified_gmt":"2025-02-19T11:00:52","slug":"corps-de-tete-reference","status":"publish","type":"product","link":"https:\/\/www.sams-industrie.fr\/en\/product\/corps-de-tete-reference\/","title":{"rendered":"Head body<br> Reference GF-001-200"},"content":{"rendered":"","protected":false},"excerpt":{"rendered":"<p>RAPIDEX Agrafeuse<br \/> R\u00e9f\u00e9rence constructeur : GF-001-200<br \/> R\u00e9f\u00e9rences \u00e9quivalentes : GF001200 \/ MGF001200 \/ RAPGF001200<\/p>","protected":false},"featured_media":0,"comment_status":"open","ping_status":"closed","template":"","meta":[],"_links":{"self":[{"href":"https:\/\/www.sams-industrie.fr\/en\/wp-json\/wp\/v2\/product\/10611"}],"collection":[{"href":"https:\/\/www.sams-industrie.fr\/en\/wp-json\/wp\/v2\/product"}],"about":[{"href":"https:\/\/www.sams-industrie.fr\/en\/wp-json\/wp\/v2\/types\/product"}],"replies":[{"embeddable":true,"href":"https:\/\/www.sams-industrie.fr\/en\/wp-json\/wp\/v2\/comments?post=10611"}],"wp:attachment":[{"href":"https:\/\/www.sams-industrie.fr\/en\/wp-json\/wp\/v2\/media?parent=10611"}],"curies":[{"name":"wp","href":"https:\/\/api.w.org\/{rel}","templated":true}]}}