{"id":10609,"date":"2025-02-05T09:59:45","date_gmt":"2025-02-05T08:59:45","guid":{"rendered":"https:\/\/www.sams-industrie.fr\/product\/bloc-de-commande-coulisse-pousseur-reference-4\/"},"modified":"2025-10-29T15:42:57","modified_gmt":"2025-10-29T14:42:57","slug":"bloc-de-commande-coulisse-pousseur-reference-4","status":"publish","type":"product","link":"https:\/\/www.sams-industrie.fr\/en\/product\/bloc-de-commande-coulisse-pousseur-reference-4\/","title":{"rendered":"Pusher slide control block<br> Reference BG-014-008"},"content":{"rendered":"","protected":false},"excerpt":{"rendered":"<p>RAPIDEX Agrafeuse<br \/>\nR\u00e9f\u00e9rence constructeur : BG-014-008<br \/>\nR\u00e9f\u00e9rences \u00e9quivalentes : BG014008 \/ MBG014008 \/ RAPBG014008<\/p>","protected":false},"featured_media":11678,"comment_status":"open","ping_status":"closed","template":"","meta":[],"_links":{"self":[{"href":"https:\/\/www.sams-industrie.fr\/en\/wp-json\/wp\/v2\/product\/10609"}],"collection":[{"href":"https:\/\/www.sams-industrie.fr\/en\/wp-json\/wp\/v2\/product"}],"about":[{"href":"https:\/\/www.sams-industrie.fr\/en\/wp-json\/wp\/v2\/types\/product"}],"replies":[{"embeddable":true,"href":"https:\/\/www.sams-industrie.fr\/en\/wp-json\/wp\/v2\/comments?post=10609"}],"wp:featuredmedia":[{"embeddable":true,"href":"https:\/\/www.sams-industrie.fr\/en\/wp-json\/wp\/v2\/media\/11678"}],"wp:attachment":[{"href":"https:\/\/www.sams-industrie.fr\/en\/wp-json\/wp\/v2\/media?parent=10609"}],"curies":[{"name":"wp","href":"https:\/\/api.w.org\/{rel}","templated":true}]}}