{"id":10606,"date":"2025-02-05T09:59:43","date_gmt":"2025-02-05T08:59:43","guid":{"rendered":"https:\/\/www.sams-industrie.fr\/product\/bloc-de-commande-coulisse-coudeur-reference-3\/"},"modified":"2025-10-29T15:41:26","modified_gmt":"2025-10-29T14:41:26","slug":"bloc-de-commande-coulisse-coudeur-reference-3","status":"publish","type":"product","link":"https:\/\/www.sams-industrie.fr\/en\/product\/bloc-de-commande-coulisse-coudeur-reference-3\/","title":{"rendered":"Bending slide control block<br> Reference BG-014-005"},"content":{"rendered":"","protected":false},"excerpt":{"rendered":"<p>RAPIDEX Agrafeuse<br \/>\nR\u00e9f\u00e9rence constructeur : BG-014-005<br \/>\nR\u00e9f\u00e9rences \u00e9quivalentes : BG014005 \/ MBG014005 \/ RAPBG014005<\/p>","protected":false},"featured_media":11677,"comment_status":"open","ping_status":"closed","template":"","meta":[],"_links":{"self":[{"href":"https:\/\/www.sams-industrie.fr\/en\/wp-json\/wp\/v2\/product\/10606"}],"collection":[{"href":"https:\/\/www.sams-industrie.fr\/en\/wp-json\/wp\/v2\/product"}],"about":[{"href":"https:\/\/www.sams-industrie.fr\/en\/wp-json\/wp\/v2\/types\/product"}],"replies":[{"embeddable":true,"href":"https:\/\/www.sams-industrie.fr\/en\/wp-json\/wp\/v2\/comments?post=10606"}],"wp:featuredmedia":[{"embeddable":true,"href":"https:\/\/www.sams-industrie.fr\/en\/wp-json\/wp\/v2\/media\/11677"}],"wp:attachment":[{"href":"https:\/\/www.sams-industrie.fr\/en\/wp-json\/wp\/v2\/media?parent=10606"}],"curies":[{"name":"wp","href":"https:\/\/api.w.org\/{rel}","templated":true}]}}