{"id":10604,"date":"2025-02-05T09:59:42","date_gmt":"2025-02-05T08:59:42","guid":{"rendered":"https:\/\/www.sams-industrie.fr\/product\/levier-de-commande-coulisse-pousseur-reference-2\/"},"modified":"2025-11-03T15:59:31","modified_gmt":"2025-11-03T14:59:31","slug":"levier-de-commande-coulisse-pousseur-reference-2","status":"publish","type":"product","link":"https:\/\/www.sams-industrie.fr\/en\/product\/levier-de-commande-coulisse-pousseur-reference-2\/","title":{"rendered":"Pusher slide control lever<br> Reference GD-001-057"},"content":{"rendered":"","protected":false},"excerpt":{"rendered":"<p>RAPIDEX Agrafeuse<br \/>\nR\u00e9f\u00e9rence constructeur : GD-001-057<br \/>\nR\u00e9f\u00e9rences \u00e9quivalentes : GD001057 \/ MGD001057 \/ RAPGD001057<\/p>","protected":false},"featured_media":11718,"comment_status":"open","ping_status":"closed","template":"","meta":[],"_links":{"self":[{"href":"https:\/\/www.sams-industrie.fr\/en\/wp-json\/wp\/v2\/product\/10604"}],"collection":[{"href":"https:\/\/www.sams-industrie.fr\/en\/wp-json\/wp\/v2\/product"}],"about":[{"href":"https:\/\/www.sams-industrie.fr\/en\/wp-json\/wp\/v2\/types\/product"}],"replies":[{"embeddable":true,"href":"https:\/\/www.sams-industrie.fr\/en\/wp-json\/wp\/v2\/comments?post=10604"}],"wp:featuredmedia":[{"embeddable":true,"href":"https:\/\/www.sams-industrie.fr\/en\/wp-json\/wp\/v2\/media\/11718"}],"wp:attachment":[{"href":"https:\/\/www.sams-industrie.fr\/en\/wp-json\/wp\/v2\/media?parent=10604"}],"curies":[{"name":"wp","href":"https:\/\/api.w.org\/{rel}","templated":true}]}}