{"id":10601,"date":"2025-02-05T09:59:40","date_gmt":"2025-02-05T08:59:40","guid":{"rendered":"https:\/\/www.sams-industrie.fr\/product\/bloc-de-commande-coulisse-pousseur-reference\/"},"modified":"2025-10-29T15:40:03","modified_gmt":"2025-10-29T14:40:03","slug":"bloc-de-commande-coulisse-pousseur-reference","status":"publish","type":"product","link":"https:\/\/www.sams-industrie.fr\/en\/product\/bloc-de-commande-coulisse-pousseur-reference\/","title":{"rendered":"Pusher slide control block<br> Reference BG-014-006"},"content":{"rendered":"","protected":false},"excerpt":{"rendered":"<p>RAPIDEX Agrafeuse<br \/>\nR\u00e9f\u00e9rence constructeur : BG-014-006<br \/>\nR\u00e9f\u00e9rences \u00e9quivalentes : BG014006 \/ MBG014006 \/ RAPBG014006<\/p>","protected":false},"featured_media":11676,"comment_status":"open","ping_status":"closed","template":"","meta":[],"_links":{"self":[{"href":"https:\/\/www.sams-industrie.fr\/en\/wp-json\/wp\/v2\/product\/10601"}],"collection":[{"href":"https:\/\/www.sams-industrie.fr\/en\/wp-json\/wp\/v2\/product"}],"about":[{"href":"https:\/\/www.sams-industrie.fr\/en\/wp-json\/wp\/v2\/types\/product"}],"replies":[{"embeddable":true,"href":"https:\/\/www.sams-industrie.fr\/en\/wp-json\/wp\/v2\/comments?post=10601"}],"wp:featuredmedia":[{"embeddable":true,"href":"https:\/\/www.sams-industrie.fr\/en\/wp-json\/wp\/v2\/media\/11676"}],"wp:attachment":[{"href":"https:\/\/www.sams-industrie.fr\/en\/wp-json\/wp\/v2\/media?parent=10601"}],"curies":[{"name":"wp","href":"https:\/\/api.w.org\/{rel}","templated":true}]}}