{"id":10599,"date":"2025-02-05T09:59:39","date_gmt":"2025-02-05T08:59:39","guid":{"rendered":"https:\/\/www.sams-industrie.fr\/product\/levier-de-commande-coulisse-coudeur-reference\/"},"modified":"2025-02-19T12:00:42","modified_gmt":"2025-02-19T11:00:42","slug":"levier-de-commande-coulisse-coudeur-reference","status":"publish","type":"product","link":"https:\/\/www.sams-industrie.fr\/en\/product\/levier-de-commande-coulisse-coudeur-reference\/","title":{"rendered":"Bending slide control lever<br> Reference GD-001-061"},"content":{"rendered":"","protected":false},"excerpt":{"rendered":"<p>RAPIDEX Agrafeuse<br \/> R\u00e9f\u00e9rence constructeur : GD-001-061<br \/> R\u00e9f\u00e9rences \u00e9quivalentes : GD001061 \/ MGD001061 \/ RAPGD001061<\/p>","protected":false},"featured_media":0,"comment_status":"open","ping_status":"closed","template":"","meta":[],"_links":{"self":[{"href":"https:\/\/www.sams-industrie.fr\/en\/wp-json\/wp\/v2\/product\/10599"}],"collection":[{"href":"https:\/\/www.sams-industrie.fr\/en\/wp-json\/wp\/v2\/product"}],"about":[{"href":"https:\/\/www.sams-industrie.fr\/en\/wp-json\/wp\/v2\/types\/product"}],"replies":[{"embeddable":true,"href":"https:\/\/www.sams-industrie.fr\/en\/wp-json\/wp\/v2\/comments?post=10599"}],"wp:attachment":[{"href":"https:\/\/www.sams-industrie.fr\/en\/wp-json\/wp\/v2\/media?parent=10599"}],"curies":[{"name":"wp","href":"https:\/\/api.w.org\/{rel}","templated":true}]}}