{"id":10596,"date":"2025-02-05T09:59:37","date_gmt":"2025-02-05T08:59:37","guid":{"rendered":"https:\/\/www.sams-industrie.fr\/product\/coulisse-coudeur-reference-5\/"},"modified":"2025-02-19T12:00:40","modified_gmt":"2025-02-19T11:00:40","slug":"coulisse-coudeur-reference-5","status":"publish","type":"product","link":"https:\/\/www.sams-industrie.fr\/en\/product\/coulisse-coudeur-reference-5\/","title":{"rendered":"Slide bender<br> Reference GD-001-540"},"content":{"rendered":"","protected":false},"excerpt":{"rendered":"<p>RAPIDEX Agrafeuse<br \/> R\u00e9f\u00e9rence constructeur : GD-001-540<br \/> R\u00e9f\u00e9rences \u00e9quivalentes : GD001540 \/ MGD001540 \/ RAPGD001540<\/p>","protected":false},"featured_media":0,"comment_status":"open","ping_status":"closed","template":"","meta":[],"_links":{"self":[{"href":"https:\/\/www.sams-industrie.fr\/en\/wp-json\/wp\/v2\/product\/10596"}],"collection":[{"href":"https:\/\/www.sams-industrie.fr\/en\/wp-json\/wp\/v2\/product"}],"about":[{"href":"https:\/\/www.sams-industrie.fr\/en\/wp-json\/wp\/v2\/types\/product"}],"replies":[{"embeddable":true,"href":"https:\/\/www.sams-industrie.fr\/en\/wp-json\/wp\/v2\/comments?post=10596"}],"wp:attachment":[{"href":"https:\/\/www.sams-industrie.fr\/en\/wp-json\/wp\/v2\/media?parent=10596"}],"curies":[{"name":"wp","href":"https:\/\/api.w.org\/{rel}","templated":true}]}}