{"id":10594,"date":"2025-02-05T09:59:36","date_gmt":"2025-02-05T08:59:36","guid":{"rendered":"https:\/\/www.sams-industrie.fr\/product\/coulisse-coudeur-reference-3\/"},"modified":"2025-02-19T12:00:38","modified_gmt":"2025-02-19T11:00:38","slug":"coulisse-coudeur-reference-3","status":"publish","type":"product","link":"https:\/\/www.sams-industrie.fr\/en\/product\/coulisse-coudeur-reference-3\/","title":{"rendered":"Slide bender<br> Reference GL-001-510"},"content":{"rendered":"","protected":false},"excerpt":{"rendered":"<p>RAPIDEX Agrafeuse<br \/> R\u00e9f\u00e9rence constructeur : GL-001-510<br \/> R\u00e9f\u00e9rences \u00e9quivalentes : GL001510 \/ MGL001510 \/ RAPGL001510<\/p>","protected":false},"featured_media":0,"comment_status":"open","ping_status":"closed","template":"","meta":[],"_links":{"self":[{"href":"https:\/\/www.sams-industrie.fr\/en\/wp-json\/wp\/v2\/product\/10594"}],"collection":[{"href":"https:\/\/www.sams-industrie.fr\/en\/wp-json\/wp\/v2\/product"}],"about":[{"href":"https:\/\/www.sams-industrie.fr\/en\/wp-json\/wp\/v2\/types\/product"}],"replies":[{"embeddable":true,"href":"https:\/\/www.sams-industrie.fr\/en\/wp-json\/wp\/v2\/comments?post=10594"}],"wp:attachment":[{"href":"https:\/\/www.sams-industrie.fr\/en\/wp-json\/wp\/v2\/media?parent=10594"}],"curies":[{"name":"wp","href":"https:\/\/api.w.org\/{rel}","templated":true}]}}