{"id":10593,"date":"2025-02-05T09:59:35","date_gmt":"2025-02-05T08:59:35","guid":{"rendered":"https:\/\/www.sams-industrie.fr\/product\/coulisse-coudeur-reference-2\/"},"modified":"2025-02-19T12:00:37","modified_gmt":"2025-02-19T11:00:37","slug":"coulisse-coudeur-reference-2","status":"publish","type":"product","link":"https:\/\/www.sams-industrie.fr\/en\/product\/coulisse-coudeur-reference-2\/","title":{"rendered":"Slide bender<br> Reference GD-001-541"},"content":{"rendered":"","protected":false},"excerpt":{"rendered":"<p>RAPIDEX Agrafeuse<br \/> R\u00e9f\u00e9rence constructeur : GD-001-541<br \/> R\u00e9f\u00e9rences \u00e9quivalentes : GD001541 \/ MGD001541 \/ RAPGD001541<\/p>","protected":false},"featured_media":0,"comment_status":"open","ping_status":"closed","template":"","meta":[],"_links":{"self":[{"href":"https:\/\/www.sams-industrie.fr\/en\/wp-json\/wp\/v2\/product\/10593"}],"collection":[{"href":"https:\/\/www.sams-industrie.fr\/en\/wp-json\/wp\/v2\/product"}],"about":[{"href":"https:\/\/www.sams-industrie.fr\/en\/wp-json\/wp\/v2\/types\/product"}],"replies":[{"embeddable":true,"href":"https:\/\/www.sams-industrie.fr\/en\/wp-json\/wp\/v2\/comments?post=10593"}],"wp:attachment":[{"href":"https:\/\/www.sams-industrie.fr\/en\/wp-json\/wp\/v2\/media?parent=10593"}],"curies":[{"name":"wp","href":"https:\/\/api.w.org\/{rel}","templated":true}]}}