{"id":10589,"date":"2025-02-05T09:59:31","date_gmt":"2025-02-05T08:59:31","guid":{"rendered":"https:\/\/www.sams-industrie.fr\/product\/coulisse-pousseur-reference\/"},"modified":"2025-02-19T12:00:35","modified_gmt":"2025-02-19T11:00:35","slug":"coulisse-pousseur-reference","status":"publish","type":"product","link":"https:\/\/www.sams-industrie.fr\/en\/product\/coulisse-pousseur-reference\/","title":{"rendered":"Pusher slide<br> Reference 3007-5-062"},"content":{"rendered":"","protected":false},"excerpt":{"rendered":"<p>RAPIDEX Agrafeuse<br \/> R\u00e9f\u00e9rence constructeur : 3007-5-062<br \/> R\u00e9f\u00e9rences \u00e9quivalentes : 30075062 \/ M30075062 \/ RAP30075062<\/p>","protected":false},"featured_media":0,"comment_status":"open","ping_status":"closed","template":"","meta":[],"_links":{"self":[{"href":"https:\/\/www.sams-industrie.fr\/en\/wp-json\/wp\/v2\/product\/10589"}],"collection":[{"href":"https:\/\/www.sams-industrie.fr\/en\/wp-json\/wp\/v2\/product"}],"about":[{"href":"https:\/\/www.sams-industrie.fr\/en\/wp-json\/wp\/v2\/types\/product"}],"replies":[{"embeddable":true,"href":"https:\/\/www.sams-industrie.fr\/en\/wp-json\/wp\/v2\/comments?post=10589"}],"wp:attachment":[{"href":"https:\/\/www.sams-industrie.fr\/en\/wp-json\/wp\/v2\/media?parent=10589"}],"curies":[{"name":"wp","href":"https:\/\/api.w.org\/{rel}","templated":true}]}}