{"id":10585,"date":"2025-02-05T09:59:28","date_gmt":"2025-02-05T08:59:28","guid":{"rendered":"https:\/\/www.sams-industrie.fr\/product\/mandrin-point-15-reference-7\/"},"modified":"2025-02-19T12:00:32","modified_gmt":"2025-02-19T11:00:32","slug":"mandrin-point-15-reference-7","status":"publish","type":"product","link":"https:\/\/www.sams-industrie.fr\/en\/product\/mandrin-point-15-reference-7\/","title":{"rendered":"Point 15 chuck<br> Reference MA-015-6"},"content":{"rendered":"","protected":false},"excerpt":{"rendered":"<p>RAPIDEX Agrafeuse<br \/> R\u00e9f\u00e9rence constructeur : MA-015-6<br \/> R\u00e9f\u00e9rences \u00e9quivalentes : A0156 \/ MMA0156 \/ RAPRAPA0156<\/p>","protected":false},"featured_media":0,"comment_status":"open","ping_status":"closed","template":"","meta":[],"_links":{"self":[{"href":"https:\/\/www.sams-industrie.fr\/en\/wp-json\/wp\/v2\/product\/10585"}],"collection":[{"href":"https:\/\/www.sams-industrie.fr\/en\/wp-json\/wp\/v2\/product"}],"about":[{"href":"https:\/\/www.sams-industrie.fr\/en\/wp-json\/wp\/v2\/types\/product"}],"replies":[{"embeddable":true,"href":"https:\/\/www.sams-industrie.fr\/en\/wp-json\/wp\/v2\/comments?post=10585"}],"wp:attachment":[{"href":"https:\/\/www.sams-industrie.fr\/en\/wp-json\/wp\/v2\/media?parent=10585"}],"curies":[{"name":"wp","href":"https:\/\/api.w.org\/{rel}","templated":true}]}}