{"id":10580,"date":"2025-02-05T09:59:23","date_gmt":"2025-02-05T08:59:23","guid":{"rendered":"https:\/\/www.sams-industrie.fr\/product\/mandrin-point-15-reference-2\/"},"modified":"2025-02-19T12:00:29","modified_gmt":"2025-02-19T11:00:29","slug":"mandrin-point-15-reference-2","status":"publish","type":"product","link":"https:\/\/www.sams-industrie.fr\/en\/product\/mandrin-point-15-reference-2\/","title":{"rendered":"Point 15 chuck<br> Reference MA-015-4"},"content":{"rendered":"","protected":false},"excerpt":{"rendered":"<p>RAPIDEX Agrafeuse<br \/> R\u00e9f\u00e9rence constructeur : MA-015-4<br \/> R\u00e9f\u00e9rences \u00e9quivalentes : A0154 \/ MMA0154 \/ RAPRAPA0154<\/p>","protected":false},"featured_media":0,"comment_status":"open","ping_status":"closed","template":"","meta":[],"_links":{"self":[{"href":"https:\/\/www.sams-industrie.fr\/en\/wp-json\/wp\/v2\/product\/10580"}],"collection":[{"href":"https:\/\/www.sams-industrie.fr\/en\/wp-json\/wp\/v2\/product"}],"about":[{"href":"https:\/\/www.sams-industrie.fr\/en\/wp-json\/wp\/v2\/types\/product"}],"replies":[{"embeddable":true,"href":"https:\/\/www.sams-industrie.fr\/en\/wp-json\/wp\/v2\/comments?post=10580"}],"wp:attachment":[{"href":"https:\/\/www.sams-industrie.fr\/en\/wp-json\/wp\/v2\/media?parent=10580"}],"curies":[{"name":"wp","href":"https:\/\/api.w.org\/{rel}","templated":true}]}}