{"id":10578,"date":"2025-02-05T09:59:22","date_gmt":"2025-02-05T08:59:22","guid":{"rendered":"https:\/\/www.sams-industrie.fr\/product\/guide-fil-de-mandrin-point-19-reference\/"},"modified":"2025-10-29T15:37:48","modified_gmt":"2025-10-29T14:37:48","slug":"guide-fil-de-mandrin-point-19-reference","status":"publish","type":"product","link":"https:\/\/www.sams-industrie.fr\/en\/product\/guide-fil-de-mandrin-point-19-reference\/","title":{"rendered":"Point 19 mandrel wire guide<br> Reference GE-001-331"},"content":{"rendered":"","protected":false},"excerpt":{"rendered":"<p>RAPIDEX Agrafeuse<br \/>\nR\u00e9f\u00e9rence constructeur : GE-001-331<br \/>\nR\u00e9f\u00e9rences \u00e9quivalentes : GE001331 \/ MGE001331 \/ RAPGE001331<\/p>","protected":false},"featured_media":11674,"comment_status":"open","ping_status":"closed","template":"","meta":[],"_links":{"self":[{"href":"https:\/\/www.sams-industrie.fr\/en\/wp-json\/wp\/v2\/product\/10578"}],"collection":[{"href":"https:\/\/www.sams-industrie.fr\/en\/wp-json\/wp\/v2\/product"}],"about":[{"href":"https:\/\/www.sams-industrie.fr\/en\/wp-json\/wp\/v2\/types\/product"}],"replies":[{"embeddable":true,"href":"https:\/\/www.sams-industrie.fr\/en\/wp-json\/wp\/v2\/comments?post=10578"}],"wp:featuredmedia":[{"embeddable":true,"href":"https:\/\/www.sams-industrie.fr\/en\/wp-json\/wp\/v2\/media\/11674"}],"wp:attachment":[{"href":"https:\/\/www.sams-industrie.fr\/en\/wp-json\/wp\/v2\/media?parent=10578"}],"curies":[{"name":"wp","href":"https:\/\/api.w.org\/{rel}","templated":true}]}}