{"id":10576,"date":"2025-02-05T09:59:21","date_gmt":"2025-02-05T08:59:21","guid":{"rendered":"https:\/\/www.sams-industrie.fr\/product\/mandrin-point-19-reference-4\/"},"modified":"2025-02-19T12:00:26","modified_gmt":"2025-02-19T11:00:26","slug":"mandrin-point-19-reference-4","status":"publish","type":"product","link":"https:\/\/www.sams-industrie.fr\/en\/product\/mandrin-point-19-reference-4\/","title":{"rendered":"Point 19 chuck<br> Reference A0196977"},"content":{"rendered":"","protected":false},"excerpt":{"rendered":"<p>RAPIDEX Agrafeuse<br \/> R\u00e9f\u00e9rence constructeur : A0196977<br \/> R\u00e9f\u00e9rences \u00e9quivalentes : A0196977 \/ MMA0196977 \/ RAPRAPA0196977<\/p>","protected":false},"featured_media":0,"comment_status":"open","ping_status":"closed","template":"","meta":[],"_links":{"self":[{"href":"https:\/\/www.sams-industrie.fr\/en\/wp-json\/wp\/v2\/product\/10576"}],"collection":[{"href":"https:\/\/www.sams-industrie.fr\/en\/wp-json\/wp\/v2\/product"}],"about":[{"href":"https:\/\/www.sams-industrie.fr\/en\/wp-json\/wp\/v2\/types\/product"}],"replies":[{"embeddable":true,"href":"https:\/\/www.sams-industrie.fr\/en\/wp-json\/wp\/v2\/comments?post=10576"}],"wp:attachment":[{"href":"https:\/\/www.sams-industrie.fr\/en\/wp-json\/wp\/v2\/media?parent=10576"}],"curies":[{"name":"wp","href":"https:\/\/api.w.org\/{rel}","templated":true}]}}