{"id":10572,"date":"2025-02-05T09:59:19","date_gmt":"2025-02-05T08:59:19","guid":{"rendered":"https:\/\/www.sams-industrie.fr\/product\/pousseur-point-15-reference-2\/"},"modified":"2025-02-19T12:00:21","modified_gmt":"2025-02-19T11:00:21","slug":"pousseur-point-15-reference-2","status":"publish","type":"product","link":"https:\/\/www.sams-industrie.fr\/en\/product\/pousseur-point-15-reference-2\/","title":{"rendered":"Pusher point 15<br> Reference PO-015-011"},"content":{"rendered":"","protected":false},"excerpt":{"rendered":"<p>RAPIDEX Agrafeuse<br \/> R\u00e9f\u00e9rence constructeur : PO-015-011<br \/> R\u00e9f\u00e9rences \u00e9quivalentes : PO015011 \/ MPO015011 \/ RAPPO015011<\/p>","protected":false},"featured_media":0,"comment_status":"open","ping_status":"closed","template":"","meta":[],"_links":{"self":[{"href":"https:\/\/www.sams-industrie.fr\/en\/wp-json\/wp\/v2\/product\/10572"}],"collection":[{"href":"https:\/\/www.sams-industrie.fr\/en\/wp-json\/wp\/v2\/product"}],"about":[{"href":"https:\/\/www.sams-industrie.fr\/en\/wp-json\/wp\/v2\/types\/product"}],"replies":[{"embeddable":true,"href":"https:\/\/www.sams-industrie.fr\/en\/wp-json\/wp\/v2\/comments?post=10572"}],"wp:attachment":[{"href":"https:\/\/www.sams-industrie.fr\/en\/wp-json\/wp\/v2\/media?parent=10572"}],"curies":[{"name":"wp","href":"https:\/\/api.w.org\/{rel}","templated":true}]}}