{"id":10571,"date":"2025-02-05T09:59:18","date_gmt":"2025-02-05T08:59:18","guid":{"rendered":"https:\/\/www.sams-industrie.fr\/product\/pousseur-point-15-reference\/"},"modified":"2025-02-19T12:00:20","modified_gmt":"2025-02-19T11:00:20","slug":"pousseur-point-15-reference","status":"publish","type":"product","link":"https:\/\/www.sams-industrie.fr\/en\/product\/pousseur-point-15-reference\/","title":{"rendered":"Pusher point 15<br> Reference PO-015-001-002"},"content":{"rendered":"","protected":false},"excerpt":{"rendered":"<p>RAPIDEX Agrafeuse<br \/> R\u00e9f\u00e9rence constructeur : PO-015-001-002<br \/> R\u00e9f\u00e9rences \u00e9quivalentes : PO015001002 \/ MPO015001002 \/ RAPPO015001002<\/p>","protected":false},"featured_media":0,"comment_status":"open","ping_status":"closed","template":"","meta":[],"_links":{"self":[{"href":"https:\/\/www.sams-industrie.fr\/en\/wp-json\/wp\/v2\/product\/10571"}],"collection":[{"href":"https:\/\/www.sams-industrie.fr\/en\/wp-json\/wp\/v2\/product"}],"about":[{"href":"https:\/\/www.sams-industrie.fr\/en\/wp-json\/wp\/v2\/types\/product"}],"replies":[{"embeddable":true,"href":"https:\/\/www.sams-industrie.fr\/en\/wp-json\/wp\/v2\/comments?post=10571"}],"wp:attachment":[{"href":"https:\/\/www.sams-industrie.fr\/en\/wp-json\/wp\/v2\/media?parent=10571"}],"curies":[{"name":"wp","href":"https:\/\/api.w.org\/{rel}","templated":true}]}}