{"id":10570,"date":"2025-02-05T09:59:17","date_gmt":"2025-02-05T08:59:17","guid":{"rendered":"https:\/\/www.sams-industrie.fr\/product\/pousseur-point-19-reference-2\/"},"modified":"2025-02-19T12:00:20","modified_gmt":"2025-02-19T11:00:20","slug":"pousseur-point-19-reference-2","status":"publish","type":"product","link":"https:\/\/www.sams-industrie.fr\/en\/product\/pousseur-point-19-reference-2\/","title":{"rendered":"Pusher point 19<br> Reference PO-019-6-7"},"content":{"rendered":"","protected":false},"excerpt":{"rendered":"<p>RAPIDEX Agrafeuse<br \/> R\u00e9f\u00e9rence constructeur : PO-019-6-7<br \/> R\u00e9f\u00e9rences \u00e9quivalentes : PO019067 \/ MPO019067 \/ RAPPO019067<\/p>","protected":false},"featured_media":0,"comment_status":"open","ping_status":"closed","template":"","meta":[],"_links":{"self":[{"href":"https:\/\/www.sams-industrie.fr\/en\/wp-json\/wp\/v2\/product\/10570"}],"collection":[{"href":"https:\/\/www.sams-industrie.fr\/en\/wp-json\/wp\/v2\/product"}],"about":[{"href":"https:\/\/www.sams-industrie.fr\/en\/wp-json\/wp\/v2\/types\/product"}],"replies":[{"embeddable":true,"href":"https:\/\/www.sams-industrie.fr\/en\/wp-json\/wp\/v2\/comments?post=10570"}],"wp:attachment":[{"href":"https:\/\/www.sams-industrie.fr\/en\/wp-json\/wp\/v2\/media?parent=10570"}],"curies":[{"name":"wp","href":"https:\/\/api.w.org\/{rel}","templated":true}]}}