{"id":10568,"date":"2025-02-05T09:59:16","date_gmt":"2025-02-05T08:59:16","guid":{"rendered":"https:\/\/www.sams-industrie.fr\/product\/contre-couteau-droit-reference\/"},"modified":"2025-02-19T12:00:18","modified_gmt":"2025-02-19T11:00:18","slug":"contre-couteau-droit-reference","status":"publish","type":"product","link":"https:\/\/www.sams-industrie.fr\/en\/product\/contre-couteau-droit-reference\/","title":{"rendered":"Straight counter-knife<br> Reference 1CD-1-15-16.5-G"},"content":{"rendered":"","protected":false},"excerpt":{"rendered":"<p>RAPIDEX Agrafeuse<br \/> R\u00e9f\u00e9rence constructeur : 1CD-1-15-16.5-G<br \/> R\u00e9f\u00e9rences \u00e9quivalentes : 1CD115165G \/ M1CD115165G \/ RAP1CD115165G<\/p>","protected":false},"featured_media":0,"comment_status":"open","ping_status":"closed","template":"","meta":[],"_links":{"self":[{"href":"https:\/\/www.sams-industrie.fr\/en\/wp-json\/wp\/v2\/product\/10568"}],"collection":[{"href":"https:\/\/www.sams-industrie.fr\/en\/wp-json\/wp\/v2\/product"}],"about":[{"href":"https:\/\/www.sams-industrie.fr\/en\/wp-json\/wp\/v2\/types\/product"}],"replies":[{"embeddable":true,"href":"https:\/\/www.sams-industrie.fr\/en\/wp-json\/wp\/v2\/comments?post=10568"}],"wp:attachment":[{"href":"https:\/\/www.sams-industrie.fr\/en\/wp-json\/wp\/v2\/media?parent=10568"}],"curies":[{"name":"wp","href":"https:\/\/api.w.org\/{rel}","templated":true}]}}